{"id":1515,"date":"2021-09-08T10:12:48","date_gmt":"2021-09-08T08:12:48","guid":{"rendered":"http:\/\/www.animabelge.be\/?page_id=1515"},"modified":"2025-10-25T13:10:17","modified_gmt":"2025-10-25T11:10:17","slug":"anniversaire","status":"publish","type":"page","link":"https:\/\/www.animabelge.be\/?page_id=1515","title":{"rendered":"Anniversaire"},"content":{"rendered":"\n<p>Envie de passer un chouette moment entre copains, pour ton anniversaire ou juste pour une petite f\u00eate ?<\/p>\n\n\n\n<p>Animabelge te propose sa formule anniversaire !<\/p>\n\n\n\n<p>Au menu : balade avec les \u00e2nes dans le petit bois du moulin. Nous irons, ensemble, chercher les \u00e2nes dans leur prairie. Tu pourras, si tu veux, leur mettre leur licol, les brosser, les seller avant d&rsquo;aller se promener dans le bois myst\u00e9rieux du moulin o\u00f9 t&rsquo;attendrons des \u00e9preuves \u00e0 franchir !<\/p>\n\n\n\n<p>Le tout en s&rsquo;amusant, en d\u00e9couvrant la nature autour de l&rsquo;\u00e9tang, avant de trouver, peut-\u00eatre, un myst\u00e9rieux tr\u00e9sor !<\/p>\n\n\n\n<p>Une autre activit\u00e9 alternative : balade dans le village avec les \u00e2nes. Tu pourras alors monter un peu plus longtemps et conduire les \u00e2nes sur les chemins et sentiers du village et du bois de l&rsquo;Ermitage \u00e0 Gentinnes<\/p>\n\n\n\n<figure class=\"wp-block-gallery has-nested-images columns-4 is-cropped wp-block-gallery-1 is-layout-flex wp-block-gallery-is-layout-flex\">\n<figure class=\"wp-block-image size-large\"><img data-recalc-dims=\"1\" loading=\"lazy\" decoding=\"async\" width=\"525\" height=\"350\" data-attachment-id=\"1520\" data-permalink=\"https:\/\/www.animabelge.be\/?attachment_id=1520\" data-orig-file=\"https:\/\/i0.wp.com\/www.animabelge.be\/wp-content\/uploads\/2021\/06\/DSC04077.png?fit=1500%2C1000&amp;ssl=1\" data-orig-size=\"1500,1000\" data-comments-opened=\"0\" data-image-meta=\"{&quot;aperture&quot;:&quot;0&quot;,&quot;credit&quot;:&quot;&quot;,&quot;camera&quot;:&quot;&quot;,&quot;caption&quot;:&quot;&quot;,&quot;created_timestamp&quot;:&quot;0&quot;,&quot;copyright&quot;:&quot;&quot;,&quot;focal_length&quot;:&quot;0&quot;,&quot;iso&quot;:&quot;0&quot;,&quot;shutter_speed&quot;:&quot;0&quot;,&quot;title&quot;:&quot;&quot;,&quot;orientation&quot;:&quot;0&quot;}\" data-image-title=\"DSC04077\" data-image-description=\"\" data-image-caption=\"\" data-medium-file=\"https:\/\/i0.wp.com\/www.animabelge.be\/wp-content\/uploads\/2021\/06\/DSC04077.png?fit=300%2C200&amp;ssl=1\" data-large-file=\"https:\/\/i0.wp.com\/www.animabelge.be\/wp-content\/uploads\/2021\/06\/DSC04077.png?fit=525%2C350&amp;ssl=1\" data-id=\"1520\" src=\"https:\/\/i0.wp.com\/www.animabelge.be\/wp-content\/uploads\/2021\/06\/DSC04077.png?resize=525%2C350\" alt=\"\" class=\"wp-image-1520\" srcset=\"https:\/\/i0.wp.com\/www.animabelge.be\/wp-content\/uploads\/2021\/06\/DSC04077.png?resize=1024%2C683&amp;ssl=1 1024w, https:\/\/i0.wp.com\/www.animabelge.be\/wp-content\/uploads\/2021\/06\/DSC04077.png?resize=300%2C200&amp;ssl=1 300w, https:\/\/i0.wp.com\/www.animabelge.be\/wp-content\/uploads\/2021\/06\/DSC04077.png?resize=768%2C512&amp;ssl=1 768w, https:\/\/i0.wp.com\/www.animabelge.be\/wp-content\/uploads\/2021\/06\/DSC04077.png?w=1500&amp;ssl=1 1500w\" sizes=\"auto, (max-width: 767px) 89vw, (max-width: 1000px) 54vw, (max-width: 1071px) 543px, 580px\" \/><\/figure>\n\n\n\n<figure class=\"wp-block-image size-large\"><img data-recalc-dims=\"1\" loading=\"lazy\" decoding=\"async\" width=\"525\" height=\"350\" data-attachment-id=\"1521\" data-permalink=\"https:\/\/www.animabelge.be\/?attachment_id=1521\" data-orig-file=\"https:\/\/i0.wp.com\/www.animabelge.be\/wp-content\/uploads\/2021\/06\/DSC04086.png?fit=1500%2C1000&amp;ssl=1\" data-orig-size=\"1500,1000\" data-comments-opened=\"0\" data-image-meta=\"{&quot;aperture&quot;:&quot;0&quot;,&quot;credit&quot;:&quot;&quot;,&quot;camera&quot;:&quot;&quot;,&quot;caption&quot;:&quot;&quot;,&quot;created_timestamp&quot;:&quot;0&quot;,&quot;copyright&quot;:&quot;&quot;,&quot;focal_length&quot;:&quot;0&quot;,&quot;iso&quot;:&quot;0&quot;,&quot;shutter_speed&quot;:&quot;0&quot;,&quot;title&quot;:&quot;&quot;,&quot;orientation&quot;:&quot;0&quot;}\" data-image-title=\"DSC04086\" data-image-description=\"\" data-image-caption=\"\" data-medium-file=\"https:\/\/i0.wp.com\/www.animabelge.be\/wp-content\/uploads\/2021\/06\/DSC04086.png?fit=300%2C200&amp;ssl=1\" data-large-file=\"https:\/\/i0.wp.com\/www.animabelge.be\/wp-content\/uploads\/2021\/06\/DSC04086.png?fit=525%2C350&amp;ssl=1\" data-id=\"1521\" src=\"https:\/\/i0.wp.com\/www.animabelge.be\/wp-content\/uploads\/2021\/06\/DSC04086.png?resize=525%2C350\" alt=\"\" class=\"wp-image-1521\" srcset=\"https:\/\/i0.wp.com\/www.animabelge.be\/wp-content\/uploads\/2021\/06\/DSC04086.png?resize=1024%2C683&amp;ssl=1 1024w, https:\/\/i0.wp.com\/www.animabelge.be\/wp-content\/uploads\/2021\/06\/DSC04086.png?resize=300%2C200&amp;ssl=1 300w, https:\/\/i0.wp.com\/www.animabelge.be\/wp-content\/uploads\/2021\/06\/DSC04086.png?resize=768%2C512&amp;ssl=1 768w, https:\/\/i0.wp.com\/www.animabelge.be\/wp-content\/uploads\/2021\/06\/DSC04086.png?w=1500&amp;ssl=1 1500w\" sizes=\"auto, (max-width: 767px) 89vw, (max-width: 1000px) 54vw, (max-width: 1071px) 543px, 580px\" \/><\/figure>\n\n\n\n<figure class=\"wp-block-image size-large\"><img data-recalc-dims=\"1\" loading=\"lazy\" decoding=\"async\" width=\"525\" height=\"350\" data-attachment-id=\"1522\" data-permalink=\"https:\/\/www.animabelge.be\/?attachment_id=1522\" data-orig-file=\"https:\/\/i0.wp.com\/www.animabelge.be\/wp-content\/uploads\/2021\/06\/IMG_20210627_101915.png?fit=1500%2C1000&amp;ssl=1\" data-orig-size=\"1500,1000\" data-comments-opened=\"0\" data-image-meta=\"{&quot;aperture&quot;:&quot;0&quot;,&quot;credit&quot;:&quot;&quot;,&quot;camera&quot;:&quot;&quot;,&quot;caption&quot;:&quot;&quot;,&quot;created_timestamp&quot;:&quot;0&quot;,&quot;copyright&quot;:&quot;&quot;,&quot;focal_length&quot;:&quot;0&quot;,&quot;iso&quot;:&quot;0&quot;,&quot;shutter_speed&quot;:&quot;0&quot;,&quot;title&quot;:&quot;&quot;,&quot;orientation&quot;:&quot;0&quot;}\" data-image-title=\"IMG_20210627_101915\" data-image-description=\"\" data-image-caption=\"\" data-medium-file=\"https:\/\/i0.wp.com\/www.animabelge.be\/wp-content\/uploads\/2021\/06\/IMG_20210627_101915.png?fit=300%2C200&amp;ssl=1\" data-large-file=\"https:\/\/i0.wp.com\/www.animabelge.be\/wp-content\/uploads\/2021\/06\/IMG_20210627_101915.png?fit=525%2C350&amp;ssl=1\" data-id=\"1522\" src=\"https:\/\/i0.wp.com\/www.animabelge.be\/wp-content\/uploads\/2021\/06\/IMG_20210627_101915.png?resize=525%2C350\" alt=\"\" class=\"wp-image-1522\" srcset=\"https:\/\/i0.wp.com\/www.animabelge.be\/wp-content\/uploads\/2021\/06\/IMG_20210627_101915.png?resize=1024%2C683&amp;ssl=1 1024w, https:\/\/i0.wp.com\/www.animabelge.be\/wp-content\/uploads\/2021\/06\/IMG_20210627_101915.png?resize=300%2C200&amp;ssl=1 300w, https:\/\/i0.wp.com\/www.animabelge.be\/wp-content\/uploads\/2021\/06\/IMG_20210627_101915.png?resize=768%2C512&amp;ssl=1 768w, https:\/\/i0.wp.com\/www.animabelge.be\/wp-content\/uploads\/2021\/06\/IMG_20210627_101915.png?w=1500&amp;ssl=1 1500w\" sizes=\"auto, (max-width: 767px) 89vw, (max-width: 1000px) 54vw, (max-width: 1071px) 543px, 580px\" \/><\/figure>\n\n\n\n<figure class=\"wp-block-image size-large\"><img data-recalc-dims=\"1\" loading=\"lazy\" decoding=\"async\" width=\"525\" height=\"350\" data-attachment-id=\"1523\" data-permalink=\"https:\/\/www.animabelge.be\/?attachment_id=1523\" data-orig-file=\"https:\/\/i0.wp.com\/www.animabelge.be\/wp-content\/uploads\/2021\/06\/IMG_20210627_103534.png?fit=1500%2C1000&amp;ssl=1\" data-orig-size=\"1500,1000\" data-comments-opened=\"0\" data-image-meta=\"{&quot;aperture&quot;:&quot;0&quot;,&quot;credit&quot;:&quot;&quot;,&quot;camera&quot;:&quot;&quot;,&quot;caption&quot;:&quot;&quot;,&quot;created_timestamp&quot;:&quot;0&quot;,&quot;copyright&quot;:&quot;&quot;,&quot;focal_length&quot;:&quot;0&quot;,&quot;iso&quot;:&quot;0&quot;,&quot;shutter_speed&quot;:&quot;0&quot;,&quot;title&quot;:&quot;&quot;,&quot;orientation&quot;:&quot;0&quot;}\" data-image-title=\"IMG_20210627_103534\" data-image-description=\"\" data-image-caption=\"\" data-medium-file=\"https:\/\/i0.wp.com\/www.animabelge.be\/wp-content\/uploads\/2021\/06\/IMG_20210627_103534.png?fit=300%2C200&amp;ssl=1\" data-large-file=\"https:\/\/i0.wp.com\/www.animabelge.be\/wp-content\/uploads\/2021\/06\/IMG_20210627_103534.png?fit=525%2C350&amp;ssl=1\" data-id=\"1523\" src=\"https:\/\/i0.wp.com\/www.animabelge.be\/wp-content\/uploads\/2021\/06\/IMG_20210627_103534.png?resize=525%2C350\" alt=\"\" class=\"wp-image-1523\" srcset=\"https:\/\/i0.wp.com\/www.animabelge.be\/wp-content\/uploads\/2021\/06\/IMG_20210627_103534.png?resize=1024%2C683&amp;ssl=1 1024w, https:\/\/i0.wp.com\/www.animabelge.be\/wp-content\/uploads\/2021\/06\/IMG_20210627_103534.png?resize=300%2C200&amp;ssl=1 300w, https:\/\/i0.wp.com\/www.animabelge.be\/wp-content\/uploads\/2021\/06\/IMG_20210627_103534.png?resize=768%2C512&amp;ssl=1 768w, https:\/\/i0.wp.com\/www.animabelge.be\/wp-content\/uploads\/2021\/06\/IMG_20210627_103534.png?w=1500&amp;ssl=1 1500w\" sizes=\"auto, (max-width: 767px) 89vw, (max-width: 1000px) 54vw, (max-width: 1071px) 543px, 580px\" \/><\/figure>\n\n\n\n<figure class=\"wp-block-image size-large\"><img data-recalc-dims=\"1\" loading=\"lazy\" decoding=\"async\" width=\"525\" height=\"350\" data-attachment-id=\"1524\" data-permalink=\"https:\/\/www.animabelge.be\/?attachment_id=1524\" data-orig-file=\"https:\/\/i0.wp.com\/www.animabelge.be\/wp-content\/uploads\/2021\/06\/IMG_20210627_105732.png?fit=1500%2C1000&amp;ssl=1\" data-orig-size=\"1500,1000\" data-comments-opened=\"0\" data-image-meta=\"{&quot;aperture&quot;:&quot;0&quot;,&quot;credit&quot;:&quot;&quot;,&quot;camera&quot;:&quot;&quot;,&quot;caption&quot;:&quot;&quot;,&quot;created_timestamp&quot;:&quot;0&quot;,&quot;copyright&quot;:&quot;&quot;,&quot;focal_length&quot;:&quot;0&quot;,&quot;iso&quot;:&quot;0&quot;,&quot;shutter_speed&quot;:&quot;0&quot;,&quot;title&quot;:&quot;&quot;,&quot;orientation&quot;:&quot;0&quot;}\" data-image-title=\"IMG_20210627_105732\" data-image-description=\"\" data-image-caption=\"\" data-medium-file=\"https:\/\/i0.wp.com\/www.animabelge.be\/wp-content\/uploads\/2021\/06\/IMG_20210627_105732.png?fit=300%2C200&amp;ssl=1\" data-large-file=\"https:\/\/i0.wp.com\/www.animabelge.be\/wp-content\/uploads\/2021\/06\/IMG_20210627_105732.png?fit=525%2C350&amp;ssl=1\" data-id=\"1524\" src=\"https:\/\/i0.wp.com\/www.animabelge.be\/wp-content\/uploads\/2021\/06\/IMG_20210627_105732.png?resize=525%2C350\" alt=\"\" class=\"wp-image-1524\" srcset=\"https:\/\/i0.wp.com\/www.animabelge.be\/wp-content\/uploads\/2021\/06\/IMG_20210627_105732.png?resize=1024%2C683&amp;ssl=1 1024w, https:\/\/i0.wp.com\/www.animabelge.be\/wp-content\/uploads\/2021\/06\/IMG_20210627_105732.png?resize=300%2C200&amp;ssl=1 300w, https:\/\/i0.wp.com\/www.animabelge.be\/wp-content\/uploads\/2021\/06\/IMG_20210627_105732.png?resize=768%2C512&amp;ssl=1 768w, https:\/\/i0.wp.com\/www.animabelge.be\/wp-content\/uploads\/2021\/06\/IMG_20210627_105732.png?w=1500&amp;ssl=1 1500w\" sizes=\"auto, (max-width: 767px) 89vw, (max-width: 1000px) 54vw, (max-width: 1071px) 543px, 580px\" \/><\/figure>\n\n\n\n<figure class=\"wp-block-image size-large\"><img data-recalc-dims=\"1\" loading=\"lazy\" decoding=\"async\" width=\"525\" height=\"350\" data-attachment-id=\"1525\" data-permalink=\"https:\/\/www.animabelge.be\/?attachment_id=1525\" data-orig-file=\"https:\/\/i0.wp.com\/www.animabelge.be\/wp-content\/uploads\/2021\/06\/IMG_20210627_110334.png?fit=1500%2C1000&amp;ssl=1\" data-orig-size=\"1500,1000\" data-comments-opened=\"0\" data-image-meta=\"{&quot;aperture&quot;:&quot;0&quot;,&quot;credit&quot;:&quot;&quot;,&quot;camera&quot;:&quot;&quot;,&quot;caption&quot;:&quot;&quot;,&quot;created_timestamp&quot;:&quot;0&quot;,&quot;copyright&quot;:&quot;&quot;,&quot;focal_length&quot;:&quot;0&quot;,&quot;iso&quot;:&quot;0&quot;,&quot;shutter_speed&quot;:&quot;0&quot;,&quot;title&quot;:&quot;&quot;,&quot;orientation&quot;:&quot;0&quot;}\" data-image-title=\"IMG_20210627_110334\" data-image-description=\"\" data-image-caption=\"\" data-medium-file=\"https:\/\/i0.wp.com\/www.animabelge.be\/wp-content\/uploads\/2021\/06\/IMG_20210627_110334.png?fit=300%2C200&amp;ssl=1\" data-large-file=\"https:\/\/i0.wp.com\/www.animabelge.be\/wp-content\/uploads\/2021\/06\/IMG_20210627_110334.png?fit=525%2C350&amp;ssl=1\" data-id=\"1525\" src=\"https:\/\/i0.wp.com\/www.animabelge.be\/wp-content\/uploads\/2021\/06\/IMG_20210627_110334.png?resize=525%2C350\" alt=\"\" class=\"wp-image-1525\" srcset=\"https:\/\/i0.wp.com\/www.animabelge.be\/wp-content\/uploads\/2021\/06\/IMG_20210627_110334.png?resize=1024%2C683&amp;ssl=1 1024w, https:\/\/i0.wp.com\/www.animabelge.be\/wp-content\/uploads\/2021\/06\/IMG_20210627_110334.png?resize=300%2C200&amp;ssl=1 300w, https:\/\/i0.wp.com\/www.animabelge.be\/wp-content\/uploads\/2021\/06\/IMG_20210627_110334.png?resize=768%2C512&amp;ssl=1 768w, https:\/\/i0.wp.com\/www.animabelge.be\/wp-content\/uploads\/2021\/06\/IMG_20210627_110334.png?w=1500&amp;ssl=1 1500w\" sizes=\"auto, (max-width: 767px) 89vw, (max-width: 1000px) 54vw, (max-width: 1071px) 543px, 580px\" \/><\/figure>\n\n\n\n<figure class=\"wp-block-image size-large\"><img data-recalc-dims=\"1\" loading=\"lazy\" decoding=\"async\" width=\"525\" height=\"787\" data-attachment-id=\"1526\" data-permalink=\"https:\/\/www.animabelge.be\/?attachment_id=1526\" data-orig-file=\"https:\/\/i0.wp.com\/www.animabelge.be\/wp-content\/uploads\/2021\/06\/IMG_20210627_114431.png?fit=1000%2C1500&amp;ssl=1\" data-orig-size=\"1000,1500\" data-comments-opened=\"0\" data-image-meta=\"{&quot;aperture&quot;:&quot;0&quot;,&quot;credit&quot;:&quot;&quot;,&quot;camera&quot;:&quot;&quot;,&quot;caption&quot;:&quot;&quot;,&quot;created_timestamp&quot;:&quot;0&quot;,&quot;copyright&quot;:&quot;&quot;,&quot;focal_length&quot;:&quot;0&quot;,&quot;iso&quot;:&quot;0&quot;,&quot;shutter_speed&quot;:&quot;0&quot;,&quot;title&quot;:&quot;&quot;,&quot;orientation&quot;:&quot;0&quot;}\" data-image-title=\"IMG_20210627_114431\" data-image-description=\"\" data-image-caption=\"\" data-medium-file=\"https:\/\/i0.wp.com\/www.animabelge.be\/wp-content\/uploads\/2021\/06\/IMG_20210627_114431.png?fit=200%2C300&amp;ssl=1\" data-large-file=\"https:\/\/i0.wp.com\/www.animabelge.be\/wp-content\/uploads\/2021\/06\/IMG_20210627_114431.png?fit=525%2C787&amp;ssl=1\" data-id=\"1526\" src=\"https:\/\/i0.wp.com\/www.animabelge.be\/wp-content\/uploads\/2021\/06\/IMG_20210627_114431.png?resize=525%2C787\" alt=\"\" class=\"wp-image-1526\" srcset=\"https:\/\/i0.wp.com\/www.animabelge.be\/wp-content\/uploads\/2021\/06\/IMG_20210627_114431.png?resize=683%2C1024&amp;ssl=1 683w, https:\/\/i0.wp.com\/www.animabelge.be\/wp-content\/uploads\/2021\/06\/IMG_20210627_114431.png?resize=200%2C300&amp;ssl=1 200w, https:\/\/i0.wp.com\/www.animabelge.be\/wp-content\/uploads\/2021\/06\/IMG_20210627_114431.png?resize=768%2C1152&amp;ssl=1 768w, https:\/\/i0.wp.com\/www.animabelge.be\/wp-content\/uploads\/2021\/06\/IMG_20210627_114431.png?w=1000&amp;ssl=1 1000w\" sizes=\"auto, (max-width: 525px) 100vw, 525px\" \/><\/figure>\n<\/figure>\n\n\n\n<p><strong>Pour quel \u00e2ge ?<\/strong><\/p>\n\n\n\n<p>Pour les enfants \u00e2g\u00e9s entre 5 et 10 ans. Mais on peut aussi adapter le programme aux plus \u00e2g\u00e9s, de 12 \u00e0 99 ans ! M\u00eame plus, pourquoi pas ? \ud83d\ude09 Il n&rsquo;y a pas d&rsquo;\u00e2ge pour aimer les \u00e2nes !<\/p>\n\n\n\n<p><strong>Quand ?<\/strong><\/p>\n\n\n\n<p>&#8211; Le mercredi apr\u00e8s-midi (14h \u00e0 16h30)<br>&#8211; Le samedi matin (10h \u00e0 12h30) ou apr\u00e8s-midi (14h \u00e0 16h30)<br>&#8211; Le dimanche matin (10h \u00e0 12h30) ou apr\u00e8s-midi (14h \u00e0 16h30)<br>&#8211; Ou sur rendez-vous.<\/p>\n\n\n\n<p>C&rsquo;est \u00e9galement possible un autre jour (cong\u00e9 scolaire) en fonction de notre disponibilit\u00e9. Nous consulter pour cela.<\/p>\n\n\n\n<p><strong>Quel prix ?<\/strong><\/p>\n\n\n\n<p>La formule anniversaire co\u00fbte <strong>150 \u20ac<\/strong> pour un forfait de <strong>10<\/strong> enfants <strong>maximum<\/strong>. Au del\u00e0 de 10 enfants, un suppl\u00e9ment de <strong>10 \u20ac<\/strong> vous sera demand\u00e9 <strong>par enfant suppl\u00e9mentaire<\/strong>. Pour des raisons d&rsquo;organisation et d&rsquo;encadrement, nous conseillons de ne pas d\u00e9passer 12 enfants.<\/p>\n\n\n\n<p>Le montant de la r\u00e9servation peut \u00eatre soit r\u00e9gl\u00e9 en esp\u00e8ces le jour m\u00eame, soit vers\u00e9 sur le compte de l&rsquo;ASBL au plus tard trois jours avant l&rsquo;anniversaire : <strong>BE68 1030 5856 5234<\/strong>. Indiquer en communication \u00ab\u00a0Nom + pr\u00e9nom de l&rsquo;enfant + date de l&rsquo;anniversaire\u00a0\u00bb.<\/p>\n\n\n\n<p><strong>O\u00f9 ?<\/strong><\/p>\n\n\n\n<p>Au moulin de Gentinnes<br>Rue du moulin, 183 \u00e0 1450 Gentinnes (Chastre)<\/p>\n\n\n\n<p><strong>En pratique<\/strong><\/p>\n\n\n\n<p>Nous nous occupons de l&rsquo;activit\u00e9 pour les enfants. Les parents sont \u00e9videmment les bienvenus. Pr\u00e9voir un casque de v\u00e9lo pour les enfants qui souhaitent monter les \u00e2nes. En fonction de la m\u00e9t\u00e9o, pr\u00e9voir des v\u00eatements et chaussures adapt\u00e9s.<\/p>\n\n\n\n<p>Vous vous occupez d&rsquo;amener boissons et collation. <\/p>\n\n\n\n<p>Une salle avec tout le mat\u00e9riel n\u00e9cessaire (assiettes, couverts, gobelets) est \u00e0 votre disposition. <\/p>\n\n\n\n<p>Nous nous occupons aussi de la d\u00e9coration de la salle et du dressage de la table de f\u00eate ; vous n&rsquo;aurez rien \u00e0 pr\u00e9voir de ce c\u00f4t\u00e9-l\u00e0, sauf si vous voulez apporter une petite note personnelle.<\/p>\n\n\n\n<p>R\u00e9servation minimum 3 semaines \u00e0 l&rsquo;avance.<\/p>\n\n\n\n<p>Quelques jours avant la date, nous vous demandons de nous communiquer le nombre d&rsquo;enfants qui seront effectivement pr\u00e9sents (id\u00e9alement, maximum 12 enfants).<\/p>\n\n\n\n<p><strong>La f\u00eate d&rsquo;anniversaire se d\u00e9roule ainsi :<\/strong><\/p>\n\n\n\n<p>&#8211; 15 minutes d&rsquo;accueil ;<br>&#8211; 1 h 30 d&rsquo;activit\u00e9s avec les \u00e2nes ;<br>&#8211; 45 minutes dans la salle autour de la table avec ce que vous aurez apport\u00e9.<\/p>\n\n\n\n<p>Nous insistons sur la ponctualit\u00e9. <\/p>\n","protected":false},"excerpt":{"rendered":"<p>Envie de passer un chouette moment entre copains, pour ton anniversaire ou juste pour une petite f\u00eate ? Animabelge te propose sa formule anniversaire ! Au menu : balade avec les \u00e2nes dans le petit bois du moulin. Nous irons, ensemble, chercher les \u00e2nes dans leur prairie. Tu pourras, si tu veux, leur mettre leur &hellip; <\/p>\n<p class=\"link-more\"><a href=\"https:\/\/www.animabelge.be\/?page_id=1515\" class=\"more-link\">Continuer la lecture<span class=\"screen-reader-text\"> de &laquo;&nbsp;Anniversaire&nbsp;&raquo;<\/span><\/a><\/p>\n","protected":false},"author":1,"featured_media":1517,"parent":0,"menu_order":0,"comment_status":"closed","ping_status":"closed","template":"","meta":{"jetpack_post_was_ever_published":false,"footnotes":""},"class_list":["post-1515","page","type-page","status-publish","has-post-thumbnail","hentry"],"jetpack_sharing_enabled":true,"jetpack_shortlink":"https:\/\/wp.me\/P9DO0T-or","jetpack_likes_enabled":true,"jetpack-related-posts":[],"_links":{"self":[{"href":"https:\/\/www.animabelge.be\/index.php?rest_route=\/wp\/v2\/pages\/1515","targetHints":{"allow":["GET"]}}],"collection":[{"href":"https:\/\/www.animabelge.be\/index.php?rest_route=\/wp\/v2\/pages"}],"about":[{"href":"https:\/\/www.animabelge.be\/index.php?rest_route=\/wp\/v2\/types\/page"}],"author":[{"embeddable":true,"href":"https:\/\/www.animabelge.be\/index.php?rest_route=\/wp\/v2\/users\/1"}],"replies":[{"embeddable":true,"href":"https:\/\/www.animabelge.be\/index.php?rest_route=%2Fwp%2Fv2%2Fcomments&post=1515"}],"version-history":[{"count":9,"href":"https:\/\/www.animabelge.be\/index.php?rest_route=\/wp\/v2\/pages\/1515\/revisions"}],"predecessor-version":[{"id":1810,"href":"https:\/\/www.animabelge.be\/index.php?rest_route=\/wp\/v2\/pages\/1515\/revisions\/1810"}],"wp:featuredmedia":[{"embeddable":true,"href":"https:\/\/www.animabelge.be\/index.php?rest_route=\/wp\/v2\/media\/1517"}],"wp:attachment":[{"href":"https:\/\/www.animabelge.be\/index.php?rest_route=%2Fwp%2Fv2%2Fmedia&parent=1515"}],"curies":[{"name":"wp","href":"https:\/\/api.w.org\/{rel}","templated":true}]}}