{"id":16,"date":"2018-02-07T20:24:04","date_gmt":"2018-02-07T19:24:04","guid":{"rendered":"http:\/\/www.animabelge.be\/?page_id=16"},"modified":"2019-07-28T11:26:09","modified_gmt":"2019-07-28T09:26:09","slug":"accueil","status":"publish","type":"page","link":"https:\/\/www.animabelge.be\/","title":{"rendered":"Accueil"},"content":{"rendered":"<p>Bienvenue sur le nouveau site d&rsquo;Animabelge ASBL !<\/p>\n<p>Ce site, toujours en cours d&rsquo;am\u00e9lioration,\u00a0 remplace l&rsquo;ancien blog d&rsquo;Animabelge, dont il reprend cependant l&rsquo;ensemble des articles, anciens et nouveaux.<\/p>\n<p>L&rsquo;ancienne version du blog est toujours disponible \u00e0 <a href=\"https:\/\/animabelgeasbl.wordpress.com\/\" target=\"_blank\" rel=\"noopener noreferrer\">cette adresse<\/a>, mais il n&rsquo;est plus actualis\u00e9.<\/p>\n<p>Vous pouvez \u00e9galement y retrouver les agendas de nos diff\u00e9rentes activit\u00e9s et \u00e9v\u00e9nements.<\/p>\n<p>Revenez nous voir souvent !<\/p>\n","protected":false},"excerpt":{"rendered":"<p>Bienvenue sur le nouveau site d&rsquo;Animabelge ASBL ! Ce site, toujours en cours d&rsquo;am\u00e9lioration,\u00a0 remplace l&rsquo;ancien blog d&rsquo;Animabelge, dont il reprend cependant l&rsquo;ensemble des articles, anciens et nouveaux. L&rsquo;ancienne version du blog est toujours disponible \u00e0 cette adresse, mais il n&rsquo;est plus actualis\u00e9. Vous pouvez \u00e9galement y retrouver les agendas de nos diff\u00e9rentes activit\u00e9s et &hellip; <\/p>\n<p class=\"link-more\"><a href=\"https:\/\/www.animabelge.be\/\" class=\"more-link\">Continuer la lecture<span class=\"screen-reader-text\"> de &laquo;&nbsp;Accueil&nbsp;&raquo;<\/span><\/a><\/p>\n","protected":false},"author":1,"featured_media":0,"parent":0,"menu_order":0,"comment_status":"closed","ping_status":"closed","template":"","meta":{"jetpack_post_was_ever_published":false,"footnotes":""},"class_list":["post-16","page","type-page","status-publish","hentry"],"jetpack_sharing_enabled":true,"jetpack_shortlink":"https:\/\/wp.me\/P9DO0T-g","jetpack_likes_enabled":true,"jetpack-related-posts":[],"_links":{"self":[{"href":"https:\/\/www.animabelge.be\/index.php?rest_route=\/wp\/v2\/pages\/16","targetHints":{"allow":["GET"]}}],"collection":[{"href":"https:\/\/www.animabelge.be\/index.php?rest_route=\/wp\/v2\/pages"}],"about":[{"href":"https:\/\/www.animabelge.be\/index.php?rest_route=\/wp\/v2\/types\/page"}],"author":[{"embeddable":true,"href":"https:\/\/www.animabelge.be\/index.php?rest_route=\/wp\/v2\/users\/1"}],"replies":[{"embeddable":true,"href":"https:\/\/www.animabelge.be\/index.php?rest_route=%2Fwp%2Fv2%2Fcomments&post=16"}],"version-history":[{"count":4,"href":"https:\/\/www.animabelge.be\/index.php?rest_route=\/wp\/v2\/pages\/16\/revisions"}],"predecessor-version":[{"id":1327,"href":"https:\/\/www.animabelge.be\/index.php?rest_route=\/wp\/v2\/pages\/16\/revisions\/1327"}],"wp:attachment":[{"href":"https:\/\/www.animabelge.be\/index.php?rest_route=%2Fwp%2Fv2%2Fmedia&parent=16"}],"curies":[{"name":"wp","href":"https:\/\/api.w.org\/{rel}","templated":true}]}}