{"id":1710,"date":"2024-04-19T15:30:53","date_gmt":"2024-04-19T13:30:53","guid":{"rendered":"http:\/\/www.animabelge.be\/?page_id=1710"},"modified":"2024-04-19T15:30:53","modified_gmt":"2024-04-19T13:30:53","slug":"aider-animabelge","status":"publish","type":"page","link":"https:\/\/www.animabelge.be\/?page_id=1710","title":{"rendered":"Aider Animabelge"},"content":{"rendered":"\n<p>L&rsquo;entretien des animaux de l&rsquo;asbl repr\u00e9sente un co\u00fbt important. C&rsquo;est aussi beaucoup de travail, surtout l&rsquo;hiver. M\u00eame si la d\u00e9tention d&rsquo;autant d&rsquo;animaux est aussi un choix que nous nous effor\u00e7ons d&rsquo;assumer, nous ne sommes pas contre un petit coup de pouce, quel qu&rsquo;il soit.<\/p>\n\n\n\n<p>Comment pouvez-vous nous aider ?<\/p>\n\n\n\n<ul class=\"wp-block-list\">\n<li>En faisant un don au compte n\u00b0 BE68 1030 5856 5234 avec la simple mention \u00ab\u00a0don\u00a0\u00bb<\/li>\n\n\n\n<li>En inscrivant votre (vos) enfant(s) \u00e0 nos stages<\/li>\n\n\n\n<li>En participant \u00e0 nos activit\u00e9s (bient\u00f4t de nouvelles !)<\/li>\n\n\n\n<li>Simplement en partageant nos publications FB et en faisant notre pub !<\/li>\n\n\n\n<li>En venant nous aider physiquement pour le nourrissage, le nettoyage des boxes, etc&#8230; N&rsquo;h\u00e9sitez pas \u00e0 nous contacter !<\/li>\n<\/ul>\n\n\n\n<p>Merci d&rsquo;avance ! Toute aide est la bienvenue !<\/p>\n","protected":false},"excerpt":{"rendered":"<p>L&rsquo;entretien des animaux de l&rsquo;asbl repr\u00e9sente un co\u00fbt important. C&rsquo;est aussi beaucoup de travail, surtout l&rsquo;hiver. M\u00eame si la d\u00e9tention d&rsquo;autant d&rsquo;animaux est aussi un choix que nous nous effor\u00e7ons d&rsquo;assumer, nous ne sommes pas contre un petit coup de pouce, quel qu&rsquo;il soit. Comment pouvez-vous nous aider ? Merci d&rsquo;avance ! Toute aide est &hellip; <\/p>\n<p class=\"link-more\"><a href=\"https:\/\/www.animabelge.be\/?page_id=1710\" class=\"more-link\">Continuer la lecture<span class=\"screen-reader-text\"> de &laquo;&nbsp;Aider Animabelge&nbsp;&raquo;<\/span><\/a><\/p>\n","protected":false},"author":1,"featured_media":0,"parent":0,"menu_order":0,"comment_status":"closed","ping_status":"closed","template":"","meta":{"jetpack_post_was_ever_published":false,"footnotes":""},"class_list":["post-1710","page","type-page","status-publish","hentry"],"jetpack_sharing_enabled":true,"jetpack_shortlink":"https:\/\/wp.me\/P9DO0T-rA","jetpack_likes_enabled":true,"jetpack-related-posts":[],"_links":{"self":[{"href":"https:\/\/www.animabelge.be\/index.php?rest_route=\/wp\/v2\/pages\/1710","targetHints":{"allow":["GET"]}}],"collection":[{"href":"https:\/\/www.animabelge.be\/index.php?rest_route=\/wp\/v2\/pages"}],"about":[{"href":"https:\/\/www.animabelge.be\/index.php?rest_route=\/wp\/v2\/types\/page"}],"author":[{"embeddable":true,"href":"https:\/\/www.animabelge.be\/index.php?rest_route=\/wp\/v2\/users\/1"}],"replies":[{"embeddable":true,"href":"https:\/\/www.animabelge.be\/index.php?rest_route=%2Fwp%2Fv2%2Fcomments&post=1710"}],"version-history":[{"count":1,"href":"https:\/\/www.animabelge.be\/index.php?rest_route=\/wp\/v2\/pages\/1710\/revisions"}],"predecessor-version":[{"id":1711,"href":"https:\/\/www.animabelge.be\/index.php?rest_route=\/wp\/v2\/pages\/1710\/revisions\/1711"}],"wp:attachment":[{"href":"https:\/\/www.animabelge.be\/index.php?rest_route=%2Fwp%2Fv2%2Fmedia&parent=1710"}],"curies":[{"name":"wp","href":"https:\/\/api.w.org\/{rel}","templated":true}]}}