{"id":255,"date":"2014-04-10T12:41:56","date_gmt":"2014-04-10T12:41:56","guid":{"rendered":"http:\/\/animabelgeasbl.wordpress.com\/?page_id=255"},"modified":"2019-07-28T11:26:12","modified_gmt":"2019-07-28T09:26:12","slug":"t2","status":"publish","type":"page","link":"https:\/\/www.animabelge.be\/?page_id=255","title":{"rendered":"T2 \u00e2nes entre 1m et 120m au garrot."},"content":{"rendered":"<p><span style=\"text-decoration: underline;\"><strong>Etalons<\/strong><\/span><\/p>\n<p><strong><em>Boris : (agr\u00e9\u00e9) <\/em><\/strong><\/p>\n<p>N\u00e9 le 30\/07\/2005<\/p>\n<p><a href=\"https:\/\/animabelgeasbl.wordpress.com\/animaux\/anes\/anes-wallons\/t2\/dsc_0185\/\" rel=\"attachment wp-att-472\"><img data-recalc-dims=\"1\" loading=\"lazy\" decoding=\"async\" data-attachment-id=\"472\" data-permalink=\"https:\/\/www.animabelge.be\/?attachment_id=472\" data-orig-file=\"https:\/\/i0.wp.com\/www.animabelge.be\/wp-content\/uploads\/2015\/11\/dsc_0185.jpg?fit=3872%2C2592&amp;ssl=1\" data-orig-size=\"3872,2592\" data-comments-opened=\"1\" data-image-meta=\"{&quot;aperture&quot;:&quot;7.1&quot;,&quot;credit&quot;:&quot;&quot;,&quot;camera&quot;:&quot;NIKON D60&quot;,&quot;caption&quot;:&quot;&quot;,&quot;created_timestamp&quot;:&quot;1347298927&quot;,&quot;copyright&quot;:&quot;&quot;,&quot;focal_length&quot;:&quot;34&quot;,&quot;iso&quot;:&quot;100&quot;,&quot;shutter_speed&quot;:&quot;0.005&quot;,&quot;title&quot;:&quot;&quot;,&quot;orientation&quot;:&quot;1&quot;}\" data-image-title=\"DSC_0185\" data-image-description=\"\" data-image-caption=\"\" data-medium-file=\"https:\/\/i0.wp.com\/www.animabelge.be\/wp-content\/uploads\/2015\/11\/dsc_0185.jpg?fit=300%2C201&amp;ssl=1\" data-large-file=\"https:\/\/i0.wp.com\/www.animabelge.be\/wp-content\/uploads\/2015\/11\/dsc_0185.jpg?fit=525%2C351&amp;ssl=1\" class=\"aligncenter size-medium wp-image-472\" src=\"https:\/\/animabelgeasbl.files.wordpress.com\/2014\/04\/dsc_0185.jpg?w=300&#038;resize=300%2C201\" alt=\"DSC_0185\" width=\"300\" height=\"201\" \/><\/a><\/p>\n<p><em><strong>Maurice de par del\u00e0 l&rsquo;eau : (agr\u00e9\u00e9)<\/strong> <\/em><\/p>\n<p>N\u00e9 le 10\/05\/2005<\/p>\n<p><a href=\"https:\/\/animabelgeasbl.wordpress.com\/animaux\/anes\/anes-wallons\/t2\/dscn1920\/\" rel=\"attachment wp-att-473\"><img data-recalc-dims=\"1\" loading=\"lazy\" decoding=\"async\" data-attachment-id=\"473\" data-permalink=\"https:\/\/www.animabelge.be\/?attachment_id=473\" data-orig-file=\"https:\/\/i0.wp.com\/www.animabelge.be\/wp-content\/uploads\/2015\/11\/dscn1920.jpg?fit=5152%2C3864&amp;ssl=1\" data-orig-size=\"5152,3864\" data-comments-opened=\"1\" data-image-meta=\"{&quot;aperture&quot;:&quot;4.5&quot;,&quot;credit&quot;:&quot;&quot;,&quot;camera&quot;:&quot;COOLPIX S3600&quot;,&quot;caption&quot;:&quot;&quot;,&quot;created_timestamp&quot;:&quot;1406830492&quot;,&quot;copyright&quot;:&quot;&quot;,&quot;focal_length&quot;:&quot;6.9&quot;,&quot;iso&quot;:&quot;80&quot;,&quot;shutter_speed&quot;:&quot;0.004&quot;,&quot;title&quot;:&quot;&quot;,&quot;orientation&quot;:&quot;1&quot;}\" data-image-title=\"DSCN1920\" data-image-description=\"\" data-image-caption=\"\" data-medium-file=\"https:\/\/i0.wp.com\/www.animabelge.be\/wp-content\/uploads\/2015\/11\/dscn1920.jpg?fit=300%2C225&amp;ssl=1\" data-large-file=\"https:\/\/i0.wp.com\/www.animabelge.be\/wp-content\/uploads\/2015\/11\/dscn1920.jpg?fit=525%2C394&amp;ssl=1\" class=\"aligncenter size-medium wp-image-473\" src=\"https:\/\/animabelgeasbl.files.wordpress.com\/2014\/04\/dscn1920.jpg?w=300&#038;resize=300%2C225\" alt=\"DSCN1920\" width=\"300\" height=\"225\" \/><\/a><\/p>\n<p>&nbsp;<\/p>\n<p><span style=\"text-decoration: underline;\"><strong>\u00e2nesses<\/strong><\/span><\/p>\n<p><strong><em>Bourrache de par del\u00e0 l&rsquo;eau : (confirm\u00e9e)<\/em><\/strong><\/p>\n<p>N\u00e9e le 23\/06\/2011<\/p>\n<p><a href=\"http:\/\/animabelgeasbl.files.wordpress.com\/2012\/09\/p1000613.jpg\"><img data-recalc-dims=\"1\" loading=\"lazy\" decoding=\"async\" data-attachment-id=\"236\" data-permalink=\"https:\/\/www.animabelge.be\/?attachment_id=236\" data-orig-file=\"https:\/\/i0.wp.com\/www.animabelge.be\/wp-content\/uploads\/2014\/04\/p1000613.jpg?fit=1920%2C2560&amp;ssl=1\" data-orig-size=\"1920,2560\" data-comments-opened=\"1\" data-image-meta=\"{&quot;aperture&quot;:&quot;2.9&quot;,&quot;credit&quot;:&quot;&quot;,&quot;camera&quot;:&quot;DMC-FS10&quot;,&quot;caption&quot;:&quot;&quot;,&quot;created_timestamp&quot;:&quot;1309638728&quot;,&quot;copyright&quot;:&quot;&quot;,&quot;focal_length&quot;:&quot;5.4&quot;,&quot;iso&quot;:&quot;500&quot;,&quot;shutter_speed&quot;:&quot;0.008&quot;,&quot;title&quot;:&quot;&quot;,&quot;orientation&quot;:&quot;1&quot;}\" data-image-title=\"P1000613\" data-image-description=\"\" data-image-caption=\"\" data-medium-file=\"https:\/\/i0.wp.com\/www.animabelge.be\/wp-content\/uploads\/2014\/04\/p1000613.jpg?fit=225%2C300&amp;ssl=1\" data-large-file=\"https:\/\/i0.wp.com\/www.animabelge.be\/wp-content\/uploads\/2014\/04\/p1000613.jpg?fit=525%2C700&amp;ssl=1\" class=\"aligncenter size-medium wp-image-236\" src=\"http:\/\/animabelgeasbl.files.wordpress.com\/2012\/09\/p1000613.jpg?w=225&#038;resize=225%2C300\" alt=\"P1000613\" width=\"225\" height=\"300\" \/><\/a><\/p>\n<p><strong><em>Lisa : (confirm\u00e9e) <\/em><\/strong><\/p>\n<p>N\u00e9e le 25\/05\/2007 <a href=\"http:\/\/animabelgeasbl.files.wordpress.com\/2014\/01\/p1040822.jpg\"><img data-recalc-dims=\"1\" loading=\"lazy\" decoding=\"async\" data-attachment-id=\"193\" data-permalink=\"https:\/\/www.animabelge.be\/?attachment_id=193\" data-orig-file=\"https:\/\/i0.wp.com\/www.animabelge.be\/wp-content\/uploads\/2014\/01\/p1040822.jpg?fit=2560%2C1920&amp;ssl=1\" data-orig-size=\"2560,1920\" data-comments-opened=\"1\" data-image-meta=\"{&quot;aperture&quot;:&quot;2.8&quot;,&quot;credit&quot;:&quot;&quot;,&quot;camera&quot;:&quot;DMC-FS10&quot;,&quot;caption&quot;:&quot;&quot;,&quot;created_timestamp&quot;:&quot;1377620695&quot;,&quot;copyright&quot;:&quot;&quot;,&quot;focal_length&quot;:&quot;5&quot;,&quot;iso&quot;:&quot;80&quot;,&quot;shutter_speed&quot;:&quot;0.025&quot;,&quot;title&quot;:&quot;&quot;,&quot;orientation&quot;:&quot;1&quot;}\" data-image-title=\"P1040822\" data-image-description=\"\" data-image-caption=\"\" data-medium-file=\"https:\/\/i0.wp.com\/www.animabelge.be\/wp-content\/uploads\/2014\/01\/p1040822.jpg?fit=300%2C225&amp;ssl=1\" data-large-file=\"https:\/\/i0.wp.com\/www.animabelge.be\/wp-content\/uploads\/2014\/01\/p1040822.jpg?fit=525%2C394&amp;ssl=1\" class=\"aligncenter size-medium wp-image-193\" src=\"http:\/\/animabelgeasbl.files.wordpress.com\/2014\/01\/p1040822.jpg?w=300&#038;resize=300%2C225\" alt=\"P1040822\" width=\"300\" height=\"225\" srcset=\"https:\/\/i0.wp.com\/www.animabelge.be\/wp-content\/uploads\/2014\/01\/p1040822.jpg?w=2560&amp;ssl=1 2560w, https:\/\/i0.wp.com\/www.animabelge.be\/wp-content\/uploads\/2014\/01\/p1040822.jpg?resize=300%2C225&amp;ssl=1 300w, https:\/\/i0.wp.com\/www.animabelge.be\/wp-content\/uploads\/2014\/01\/p1040822.jpg?resize=768%2C576&amp;ssl=1 768w, https:\/\/i0.wp.com\/www.animabelge.be\/wp-content\/uploads\/2014\/01\/p1040822.jpg?resize=1024%2C768&amp;ssl=1 1024w, https:\/\/i0.wp.com\/www.animabelge.be\/wp-content\/uploads\/2014\/01\/p1040822.jpg?w=1575 1575w\" sizes=\"auto, (max-width: 300px) 100vw, 300px\" \/><\/a><\/p>\n<p>&nbsp;<\/p>\n<p>&nbsp;<\/p>\n<p><span style=\"text-decoration: underline;\"><strong>Hongres<\/strong><\/span><\/p>\n<p><strong><em>Jimmy de par del\u00e0 l&rsquo;eau :<\/em><\/strong><\/p>\n<p>N\u00e9 le 01\/01\/1994<\/p>\n<p><span style=\"text-decoration: underline;\"><strong>\u00a0<\/strong><\/span><\/p>\n<p>&nbsp;<\/p>\n<p>&nbsp;<\/p>\n","protected":false},"excerpt":{"rendered":"<p>Etalons Boris : (agr\u00e9\u00e9) N\u00e9 le 30\/07\/2005 Maurice de par del\u00e0 l&rsquo;eau : (agr\u00e9\u00e9) N\u00e9 le 10\/05\/2005 &nbsp; \u00e2nesses Bourrache de par del\u00e0 l&rsquo;eau : (confirm\u00e9e) N\u00e9e le 23\/06\/2011 Lisa : (confirm\u00e9e) N\u00e9e le 25\/05\/2007 &nbsp; &nbsp; Hongres Jimmy de par del\u00e0 l&rsquo;eau : N\u00e9 le 01\/01\/1994 \u00a0 &nbsp; &nbsp;<\/p>\n","protected":false},"author":2,"featured_media":0,"parent":251,"menu_order":0,"comment_status":"closed","ping_status":"open","template":"","meta":{"jetpack_post_was_ever_published":false,"footnotes":""},"class_list":["post-255","page","type-page","status-publish","hentry"],"jetpack_sharing_enabled":true,"jetpack_shortlink":"https:\/\/wp.me\/P9DO0T-47","jetpack_likes_enabled":true,"jetpack-related-posts":[],"_links":{"self":[{"href":"https:\/\/www.animabelge.be\/index.php?rest_route=\/wp\/v2\/pages\/255","targetHints":{"allow":["GET"]}}],"collection":[{"href":"https:\/\/www.animabelge.be\/index.php?rest_route=\/wp\/v2\/pages"}],"about":[{"href":"https:\/\/www.animabelge.be\/index.php?rest_route=\/wp\/v2\/types\/page"}],"author":[{"embeddable":true,"href":"https:\/\/www.animabelge.be\/index.php?rest_route=\/wp\/v2\/users\/2"}],"replies":[{"embeddable":true,"href":"https:\/\/www.animabelge.be\/index.php?rest_route=%2Fwp%2Fv2%2Fcomments&post=255"}],"version-history":[{"count":1,"href":"https:\/\/www.animabelge.be\/index.php?rest_route=\/wp\/v2\/pages\/255\/revisions"}],"predecessor-version":[{"id":1048,"href":"https:\/\/www.animabelge.be\/index.php?rest_route=\/wp\/v2\/pages\/255\/revisions\/1048"}],"up":[{"embeddable":true,"href":"https:\/\/www.animabelge.be\/index.php?rest_route=\/wp\/v2\/pages\/251"}],"wp:attachment":[{"href":"https:\/\/www.animabelge.be\/index.php?rest_route=%2Fwp%2Fv2%2Fmedia&parent=255"}],"curies":[{"name":"wp","href":"https:\/\/api.w.org\/{rel}","templated":true}]}}