{"id":257,"date":"2014-04-10T12:42:19","date_gmt":"2014-04-10T12:42:19","guid":{"rendered":"http:\/\/animabelgeasbl.wordpress.com\/?page_id=257"},"modified":"2019-07-28T11:26:12","modified_gmt":"2019-07-28T09:26:12","slug":"t3","status":"publish","type":"page","link":"https:\/\/www.animabelge.be\/?page_id=257","title":{"rendered":"T3 \u00e2nes de plus de 120m au garrot"},"content":{"rendered":"<p><strong><span style=\"text-decoration: underline;\">\u00c2nesses<\/span><\/strong><\/p>\n<p><strong><em>Cannelle de par del\u00e0 l&rsquo;eau : (non confirm\u00e9e)<\/em><\/strong><\/p>\n<p>N\u00e9e le 01\/06\/1995<\/p>\n<p><a href=\"http:\/\/animabelgeasbl.files.wordpress.com\/2012\/09\/p1010255.jpg\"><img data-recalc-dims=\"1\" loading=\"lazy\" decoding=\"async\" data-attachment-id=\"111\" data-permalink=\"https:\/\/www.animabelge.be\/?attachment_id=111\" data-orig-file=\"https:\/\/i0.wp.com\/www.animabelge.be\/wp-content\/uploads\/2012\/10\/p1010255.jpg?fit=1920%2C2560&amp;ssl=1\" data-orig-size=\"1920,2560\" data-comments-opened=\"1\" data-image-meta=\"{&quot;aperture&quot;:&quot;2.8&quot;,&quot;credit&quot;:&quot;&quot;,&quot;camera&quot;:&quot;DMC-FS10&quot;,&quot;caption&quot;:&quot;&quot;,&quot;created_timestamp&quot;:&quot;1321364469&quot;,&quot;copyright&quot;:&quot;&quot;,&quot;focal_length&quot;:&quot;5&quot;,&quot;iso&quot;:&quot;80&quot;,&quot;shutter_speed&quot;:&quot;0.0015625&quot;,&quot;title&quot;:&quot;&quot;,&quot;orientation&quot;:&quot;1&quot;}\" data-image-title=\"P1010255\" data-image-description=\"\" data-image-caption=\"\" data-medium-file=\"https:\/\/i0.wp.com\/www.animabelge.be\/wp-content\/uploads\/2012\/10\/p1010255.jpg?fit=225%2C300&amp;ssl=1\" data-large-file=\"https:\/\/i0.wp.com\/www.animabelge.be\/wp-content\/uploads\/2012\/10\/p1010255.jpg?fit=525%2C700&amp;ssl=1\" class=\"aligncenter wp-image-111\" title=\"P1010255\" src=\"http:\/\/animabelgeasbl.files.wordpress.com\/2012\/09\/p1010255.jpg?w=225&#038;resize=213%2C286\" alt=\"\" width=\"213\" height=\"286\" \/><\/a><\/p>\n","protected":false},"excerpt":{"rendered":"<p>\u00c2nesses Cannelle de par del\u00e0 l&rsquo;eau : (non confirm\u00e9e) N\u00e9e le 01\/06\/1995<\/p>\n","protected":false},"author":2,"featured_media":0,"parent":251,"menu_order":0,"comment_status":"closed","ping_status":"open","template":"","meta":{"jetpack_post_was_ever_published":false,"footnotes":""},"class_list":["post-257","page","type-page","status-publish","hentry"],"jetpack_sharing_enabled":true,"jetpack_shortlink":"https:\/\/wp.me\/P9DO0T-49","jetpack_likes_enabled":true,"jetpack-related-posts":[],"_links":{"self":[{"href":"https:\/\/www.animabelge.be\/index.php?rest_route=\/wp\/v2\/pages\/257","targetHints":{"allow":["GET"]}}],"collection":[{"href":"https:\/\/www.animabelge.be\/index.php?rest_route=\/wp\/v2\/pages"}],"about":[{"href":"https:\/\/www.animabelge.be\/index.php?rest_route=\/wp\/v2\/types\/page"}],"author":[{"embeddable":true,"href":"https:\/\/www.animabelge.be\/index.php?rest_route=\/wp\/v2\/users\/2"}],"replies":[{"embeddable":true,"href":"https:\/\/www.animabelge.be\/index.php?rest_route=%2Fwp%2Fv2%2Fcomments&post=257"}],"version-history":[{"count":2,"href":"https:\/\/www.animabelge.be\/index.php?rest_route=\/wp\/v2\/pages\/257\/revisions"}],"predecessor-version":[{"id":1050,"href":"https:\/\/www.animabelge.be\/index.php?rest_route=\/wp\/v2\/pages\/257\/revisions\/1050"}],"up":[{"embeddable":true,"href":"https:\/\/www.animabelge.be\/index.php?rest_route=\/wp\/v2\/pages\/251"}],"wp:attachment":[{"href":"https:\/\/www.animabelge.be\/index.php?rest_route=%2Fwp%2Fv2%2Fmedia&parent=257"}],"curies":[{"name":"wp","href":"https:\/\/api.w.org\/{rel}","templated":true}]}}